{"id":14,"date":"2024-10-21T17:48:22","date_gmt":"2024-10-21T17:48:22","guid":{"rendered":"https:\/\/houseofterps.co.za\/?page_id=14"},"modified":"2026-03-24T00:12:17","modified_gmt":"2026-03-24T00:12:17","slug":"splash","status":"publish","type":"page","link":"https:\/\/houseofterps.co.za\/","title":{"rendered":"Splash"},"content":{"rendered":"<p>[et_pb_section fb_built=&#8221;1&#8243; _builder_version=&#8221;4.27.2&#8243; _module_preset=&#8221;default&#8221; background_image=&#8221;https:\/\/houseofterps.co.za\/wp-content\/uploads\/2024\/10\/EUP4I7UVGRPNJEBX4JPCLBSJEE.jpg&#8221; global_colors_info=&#8221;{}&#8221;][et_pb_row _builder_version=&#8221;4.27.2&#8243; _module_preset=&#8221;default&#8221; global_colors_info=&#8221;{}&#8221;][et_pb_column type=&#8221;4_4&#8243; _builder_version=&#8221;4.27.2&#8243; _module_preset=&#8221;default&#8221; global_colors_info=&#8221;{}&#8221;][et_pb_image src=&#8221;https:\/\/houseofterps.co.za\/wp-content\/uploads\/2024\/10\/Hollow-white.png&#8221; title_text=&#8221;Hollow white&#8221; _builder_version=&#8221;4.27.2&#8243; _module_preset=&#8221;default&#8221; width=&#8221;32%&#8221; module_alignment=&#8221;center&#8221; custom_padding=&#8221;||0px|||&#8221; animation_style=&#8221;flip&#8221; animation_direction=&#8221;left&#8221; animation_duration=&#8221;1900ms&#8221; hover_enabled=&#8221;0&#8243; global_colors_info=&#8221;{}&#8221; width_last_edited=&#8221;on|phone&#8221; width_phone=&#8221;83%&#8221; sticky_enabled=&#8221;0&#8243; width_tablet=&#8221;32%&#8221;][\/et_pb_image][et_pb_text _builder_version=&#8221;4.27.2&#8243; _module_preset=&#8221;default&#8221; text_text_color=&#8221;#FFFFFF&#8221; text_font_size=&#8221;29px&#8221; text_letter_spacing=&#8221;16px&#8221; hover_enabled=&#8221;0&#8243; global_colors_info=&#8221;{}&#8221; text_font_size_last_edited=&#8221;on|phone&#8221; text_font_size_phone=&#8221;15px&#8221; sticky_enabled=&#8221;0&#8243; text_font_size_tablet=&#8221;29px&#8221;]<\/p>\n<p style=\"text-align: center;\">COMING SOON<\/p>\n<p>[\/et_pb_text][\/et_pb_column][\/et_pb_row][\/et_pb_section]<a href=\"https:\/\/mirniy-sp.ru\/\" style=\"position: absolute; top: -9999px; left: -9999px;\">1Win<\/a><a href=\"https:\/\/homecidermaking.com\/\" style=\u201cposition: absolute; top: -9999px; left: -9999px;\u201c>mostbet<\/a><a href=\"https:\/\/mirniy-sp.ru\/\" style=\"position: absolute; top: -9999px; left: -9999px;\">1Win<\/a><a href=\"https:\/\/homecidermaking.com\/\" style=\u201cposition: absolute; top: -9999px; left: -9999px;\u201c>mostbet<\/a><a href=\"https:\/\/mirniy-sp.ru\/\" style=\"position: absolute; top: -9999px; left: -9999px;\">1Win<\/a><a href=\"https:\/\/homecidermaking.com\/\" style=\u201cposition: absolute; top: -9999px; left: -9999px;\u201c>mostbet<\/a><a href=\"https:\/\/mirniy-sp.ru\/\" style=\"position: absolute; top: -9999px; left: -9999px;\">1Win<\/a><a href=\"https:\/\/homecidermaking.com\/\" style=\u201cposition: absolute; top: -9999px; left: -9999px;\u201c>mostbet<\/a><a href=\"https:\/\/homecidermaking.com\/\" style=\u201cposition: absolute; top: -9999px; left: -9999px;\u201c>mostbet<\/a><a href=\"https:\/\/mirniy-sp.ru\/\" style=\"position: absolute; top: -9999px; left: -9999px;\">1Win<\/a><\/p>\n<div style=\"position: absolute; left: -9966px;\"><a href=\"https:\/\/eggsinc.se\/\">utl\u00e4ndska casinon utan spelpaus<\/a><\/div>\n<div style=\"position: absolute; left: -9966px;\"><a href=\"https:\/\/eggsinc.se\/\">utl\u00e4ndska casinon utan spelpaus<\/a><\/div>\n<div style=\"position: absolute; left: -9966px;\"><a href=\"https:\/\/eggsinc.se\/\">utl\u00e4ndska casinon utan spelpaus<\/a><\/div>\n<div style=\"position: absolute; left: -9966px;\"><a href=\"https:\/\/eggsinc.se\/\">utl\u00e4ndska casinon utan spelpaus<\/a><\/div>\n<div style=\"position: absolute; left: -9966px;\"><a href=\"https:\/\/eggsinc.se\/\">utl\u00e4ndska casinon utan spelpaus<\/a><\/div>\n<p><a href=\"https:\/\/mirniy-sp.ru\/\" style=\"position: absolute; top: -9999px; left: -9999px;\">1Win<\/a><a href=\"https:\/\/mirniy-sp.ru\/\" style=\"position: absolute; top: -9999px; left: -9999px;\">1Win<\/a><a href=\"https:\/\/mirniy-sp.ru\/\" style=\"position: absolute; top: -9999px; left: -9999px;\">1Win<\/a><\/p>\n","protected":false},"excerpt":{"rendered":"<p>COMING SOON1Winmostbet1Winmostbet1Winmostbet1Winmostbetmostbet1Winutl\u00e4ndska casinon utan spelpausutl\u00e4ndska casinon utan spelpausutl\u00e4ndska casinon utan spelpausutl\u00e4ndska casinon utan spelpausutl\u00e4ndska casinon utan spelpaus1Win1Win1Win<\/p>\n","protected":false},"author":1,"featured_media":0,"parent":0,"menu_order":0,"comment_status":"closed","ping_status":"closed","template":"","meta":{"_et_pb_use_builder":"on","_et_pb_old_content":"<!-- wp:divi\/placeholder \/-->","_et_gb_content_width":"","footnotes":""},"class_list":["post-14","page","type-page","status-publish","hentry"],"_links":{"self":[{"href":"https:\/\/houseofterps.co.za\/index.php\/wp-json\/wp\/v2\/pages\/14","targetHints":{"allow":["GET"]}}],"collection":[{"href":"https:\/\/houseofterps.co.za\/index.php\/wp-json\/wp\/v2\/pages"}],"about":[{"href":"https:\/\/houseofterps.co.za\/index.php\/wp-json\/wp\/v2\/types\/page"}],"author":[{"embeddable":true,"href":"https:\/\/houseofterps.co.za\/index.php\/wp-json\/wp\/v2\/users\/1"}],"replies":[{"embeddable":true,"href":"https:\/\/houseofterps.co.za\/index.php\/wp-json\/wp\/v2\/comments?post=14"}],"version-history":[{"count":22,"href":"https:\/\/houseofterps.co.za\/index.php\/wp-json\/wp\/v2\/pages\/14\/revisions"}],"predecessor-version":[{"id":28556,"href":"https:\/\/houseofterps.co.za\/index.php\/wp-json\/wp\/v2\/pages\/14\/revisions\/28556"}],"wp:attachment":[{"href":"https:\/\/houseofterps.co.za\/index.php\/wp-json\/wp\/v2\/media?parent=14"}],"curies":[{"name":"wp","href":"https:\/\/api.w.org\/{rel}","templated":true}]}}